{"id":40,"date":"2023-02-09T02:04:28","date_gmt":"2023-02-09T02:04:28","guid":{"rendered":"https:\/\/tikunsoluciones.com\/?page_id=40"},"modified":"2023-03-01T19:20:06","modified_gmt":"2023-03-01T19:20:06","slug":"home","status":"publish","type":"page","link":"https:\/\/tikunsoluciones.com\/","title":{"rendered":"Home"},"content":{"rendered":"<p><span><img decoding=\"async\" alt=\"\" data-id=\"66\" width=\"200\" data-init-width=\"534\" height=\"338\" data-init-height=\"338\" title=\"logo-tikun-mono-amarillo\" loading=\"lazy\" src=\"https:\/\/tikunsoluciones.com\/wp-content\/uploads\/2023\/02\/logo-tikun-mono-amarillo.png\" data-width=\"200\" style=\"\"><\/span><span><img decoding=\"async\" alt=\"\" data-id=\"64\" width=\"51\" data-init-width=\"20.8\" height=\"24.9\" data-init-height=\"24.9\" title=\"icn-loc-car\" loading=\"lazy\" src=\"https:\/\/tikunsoluciones.com\/wp-content\/uploads\/2023\/02\/icn-loc-car.svg\" data-width=\"51\" style=\"\"><\/span><\/p>\n<p style=\"text-align: center;\">Desarrollamos soluciones a la medida<\/p>\n<p style=\"text-align: center;\">en control perimetral, as\u00ed como de acceso peatonal y vehicular.<\/p>\n<p><span><img decoding=\"async\" alt=\"\" data-id=\"64\" width=\"51\" data-init-width=\"20.8\" height=\"24.9\" data-init-height=\"24.9\" title=\"icn-loc-car\" loading=\"lazy\" src=\"https:\/\/tikunsoluciones.com\/wp-content\/uploads\/2023\/02\/icn-loc-car.svg\" data-width=\"51\" style=\"\"><\/span><\/p>\n<p style=\"text-align: center;\">Trabajamos con empresas desarrolladoras de equipo y software<\/p>\n<p style=\"text-align: center;\">l\u00edderes a nivel global en sus industrias y ofrecemos el m\u00e1s alto retorno de la inversi\u00f3n.<\/p>\n<p><span><img decoding=\"async\" alt=\"\" data-id=\"64\" width=\"51\" data-init-width=\"20.8\" height=\"24.9\" data-init-height=\"24.9\" title=\"icn-loc-car\" loading=\"lazy\" src=\"https:\/\/tikunsoluciones.com\/wp-content\/uploads\/2023\/02\/icn-loc-car.svg\" data-width=\"51\" style=\"\"><\/span><\/p>\n<p style=\"text-align: center;\">Contamos con m\u00e1s de 30 a\u00f1os de experiencia<\/p>\n<p style=\"text-align: center;\">y estamos a tus \u00f3rdenes para ofrecerte la mejor soluci\u00f3n.<\/p>\n<p style=\"text-align: center;\">\u00bfEres usuario de Parkim\u00f3vil?<\/p>\n<p style=\"text-align: center;\">Baja aqu\u00ed la aplicaci\u00f3n<\/p>\n<p><span><img decoding=\"async\" alt=\"\" data-id=\"83\" width=\"180\" data-init-width=\"350\" height=\"104\" data-init-height=\"104\" title=\"google-play-btn\" loading=\"lazy\" src=\"https:\/\/tikunsoluciones.com\/wp-content\/uploads\/2023\/02\/google-play-btn.webp\" data-width=\"180\" style=\"\"><\/span><span><img decoding=\"async\" alt=\"\" data-id=\"82\" width=\"180\" data-init-width=\"965\" height=\"296\" data-init-height=\"296\" title=\"apple-store\" loading=\"lazy\" src=\"https:\/\/tikunsoluciones.com\/wp-content\/uploads\/2023\/02\/apple-store.webp\" data-width=\"180\" style=\"\"><\/span><span style=\"\"><img decoding=\"async\" alt=\"\" data-id=\"65\" width=\"187\" data-init-width=\"91.1\" height=\"233\" data-init-height=\"233\" title=\"contact-vector\" loading=\"lazy\" src=\"https:\/\/tikunsoluciones.com\/wp-content\/uploads\/2023\/02\/contact-vector.svg\" data-width=\"187\" style=\"\" mt-d=\"0\" ml-d=\"0\"><\/span><\/p>\n","protected":false},"excerpt":{"rendered":"<p>Desarrollamos soluciones a la medida en control perimetral, as\u00ed como de acceso peatonal y vehicular. Trabajamos con empresas desarrolladoras de equipo y software l\u00edderes a nivel global en sus industrias y ofrecemos el m\u00e1s alto retorno de la inversi\u00f3n. Contamos con m\u00e1s de 30 a\u00f1os de experiencia y estamos a tus \u00f3rdenes para ofrecerte la [&hellip;]<\/p>\n","protected":false},"author":1,"featured_media":0,"parent":0,"menu_order":0,"comment_status":"closed","ping_status":"closed","template":"","meta":{"_monsterinsights_skip_tracking":false,"_monsterinsights_sitenote_active":false,"_monsterinsights_sitenote_note":"","_monsterinsights_sitenote_category":0,"footnotes":""},"class_list":["post-40","page","type-page","status-publish","hentry","post-wrapper","thrv_wrapper"],"yoast_head":"<!-- This site is optimized with the Yoast SEO plugin v25.0 - https:\/\/yoast.com\/wordpress\/plugins\/seo\/ -->\n<title>Home - Tik\u00fan Soluciones<\/title>\n<meta name=\"robots\" content=\"index, follow, max-snippet:-1, max-image-preview:large, max-video-preview:-1\" \/>\n<link rel=\"canonical\" href=\"https:\/\/tikunsoluciones.com\/\" \/>\n<meta property=\"og:locale\" content=\"es_ES\" \/>\n<meta property=\"og:type\" content=\"article\" \/>\n<meta property=\"og:title\" content=\"Home - Tik\u00fan Soluciones\" \/>\n<meta property=\"og:description\" content=\"Desarrollamos soluciones a la medida en control perimetral, as\u00ed como de acceso peatonal y vehicular. Trabajamos con empresas desarrolladoras de equipo y software l\u00edderes a nivel global en sus industrias y ofrecemos el m\u00e1s alto retorno de la inversi\u00f3n. Contamos con m\u00e1s de 30 a\u00f1os de experiencia y estamos a tus \u00f3rdenes para ofrecerte la [&hellip;]\" \/>\n<meta property=\"og:url\" content=\"https:\/\/tikunsoluciones.com\/\" \/>\n<meta property=\"og:site_name\" content=\"Tik\u00fan Soluciones\" \/>\n<meta property=\"article:modified_time\" content=\"2023-03-01T19:20:06+00:00\" \/>\n<meta property=\"og:image\" content=\"https:\/\/tikunsoluciones.com\/wp-content\/uploads\/2023\/02\/logo-tikun-mono-amarillo.png\" \/>\n<meta name=\"twitter:card\" content=\"summary_large_image\" \/>\n<script type=\"application\/ld+json\" class=\"yoast-schema-graph\">{\"@context\":\"https:\/\/schema.org\",\"@graph\":[{\"@type\":\"WebPage\",\"@id\":\"https:\/\/tikunsoluciones.com\/\",\"url\":\"https:\/\/tikunsoluciones.com\/\",\"name\":\"Home - Tik\u00fan Soluciones\",\"isPartOf\":{\"@id\":\"https:\/\/tikunsoluciones.com\/#website\"},\"primaryImageOfPage\":{\"@id\":\"https:\/\/tikunsoluciones.com\/#primaryimage\"},\"image\":{\"@id\":\"https:\/\/tikunsoluciones.com\/#primaryimage\"},\"thumbnailUrl\":\"https:\/\/tikunsoluciones.com\/wp-content\/uploads\/2023\/02\/logo-tikun-mono-amarillo.png\",\"datePublished\":\"2023-02-09T02:04:28+00:00\",\"dateModified\":\"2023-03-01T19:20:06+00:00\",\"breadcrumb\":{\"@id\":\"https:\/\/tikunsoluciones.com\/#breadcrumb\"},\"inLanguage\":\"es\",\"potentialAction\":[{\"@type\":\"ReadAction\",\"target\":[\"https:\/\/tikunsoluciones.com\/\"]}]},{\"@type\":\"ImageObject\",\"inLanguage\":\"es\",\"@id\":\"https:\/\/tikunsoluciones.com\/#primaryimage\",\"url\":\"https:\/\/tikunsoluciones.com\/wp-content\/uploads\/2023\/02\/logo-tikun-mono-amarillo.png\",\"contentUrl\":\"https:\/\/tikunsoluciones.com\/wp-content\/uploads\/2023\/02\/logo-tikun-mono-amarillo.png\",\"width\":534,\"height\":338},{\"@type\":\"BreadcrumbList\",\"@id\":\"https:\/\/tikunsoluciones.com\/#breadcrumb\",\"itemListElement\":[{\"@type\":\"ListItem\",\"position\":1,\"name\":\"Portada\",\"item\":\"https:\/\/tikunsoluciones.com\/\"},{\"@type\":\"ListItem\",\"position\":2,\"name\":\"Home\"}]},{\"@type\":\"WebSite\",\"@id\":\"https:\/\/tikunsoluciones.com\/#website\",\"url\":\"https:\/\/tikunsoluciones.com\/\",\"name\":\"Tik\u00fan Soluciones\",\"description\":\"Manejo de estacionamientos\",\"potentialAction\":[{\"@type\":\"SearchAction\",\"target\":{\"@type\":\"EntryPoint\",\"urlTemplate\":\"https:\/\/tikunsoluciones.com\/?s={search_term_string}\"},\"query-input\":{\"@type\":\"PropertyValueSpecification\",\"valueRequired\":true,\"valueName\":\"search_term_string\"}}],\"inLanguage\":\"es\"}]}<\/script>\n<!-- \/ Yoast SEO plugin. -->","yoast_head_json":{"title":"Home - Tik\u00fan Soluciones","robots":{"index":"index","follow":"follow","max-snippet":"max-snippet:-1","max-image-preview":"max-image-preview:large","max-video-preview":"max-video-preview:-1"},"canonical":"https:\/\/tikunsoluciones.com\/","og_locale":"es_ES","og_type":"article","og_title":"Home - Tik\u00fan Soluciones","og_description":"Desarrollamos soluciones a la medida en control perimetral, as\u00ed como de acceso peatonal y vehicular. Trabajamos con empresas desarrolladoras de equipo y software l\u00edderes a nivel global en sus industrias y ofrecemos el m\u00e1s alto retorno de la inversi\u00f3n. Contamos con m\u00e1s de 30 a\u00f1os de experiencia y estamos a tus \u00f3rdenes para ofrecerte la [&hellip;]","og_url":"https:\/\/tikunsoluciones.com\/","og_site_name":"Tik\u00fan Soluciones","article_modified_time":"2023-03-01T19:20:06+00:00","og_image":[{"url":"https:\/\/tikunsoluciones.com\/wp-content\/uploads\/2023\/02\/logo-tikun-mono-amarillo.png","type":"","width":"","height":""}],"twitter_card":"summary_large_image","schema":{"@context":"https:\/\/schema.org","@graph":[{"@type":"WebPage","@id":"https:\/\/tikunsoluciones.com\/","url":"https:\/\/tikunsoluciones.com\/","name":"Home - Tik\u00fan Soluciones","isPartOf":{"@id":"https:\/\/tikunsoluciones.com\/#website"},"primaryImageOfPage":{"@id":"https:\/\/tikunsoluciones.com\/#primaryimage"},"image":{"@id":"https:\/\/tikunsoluciones.com\/#primaryimage"},"thumbnailUrl":"https:\/\/tikunsoluciones.com\/wp-content\/uploads\/2023\/02\/logo-tikun-mono-amarillo.png","datePublished":"2023-02-09T02:04:28+00:00","dateModified":"2023-03-01T19:20:06+00:00","breadcrumb":{"@id":"https:\/\/tikunsoluciones.com\/#breadcrumb"},"inLanguage":"es","potentialAction":[{"@type":"ReadAction","target":["https:\/\/tikunsoluciones.com\/"]}]},{"@type":"ImageObject","inLanguage":"es","@id":"https:\/\/tikunsoluciones.com\/#primaryimage","url":"https:\/\/tikunsoluciones.com\/wp-content\/uploads\/2023\/02\/logo-tikun-mono-amarillo.png","contentUrl":"https:\/\/tikunsoluciones.com\/wp-content\/uploads\/2023\/02\/logo-tikun-mono-amarillo.png","width":534,"height":338},{"@type":"BreadcrumbList","@id":"https:\/\/tikunsoluciones.com\/#breadcrumb","itemListElement":[{"@type":"ListItem","position":1,"name":"Portada","item":"https:\/\/tikunsoluciones.com\/"},{"@type":"ListItem","position":2,"name":"Home"}]},{"@type":"WebSite","@id":"https:\/\/tikunsoluciones.com\/#website","url":"https:\/\/tikunsoluciones.com\/","name":"Tik\u00fan Soluciones","description":"Manejo de estacionamientos","potentialAction":[{"@type":"SearchAction","target":{"@type":"EntryPoint","urlTemplate":"https:\/\/tikunsoluciones.com\/?s={search_term_string}"},"query-input":{"@type":"PropertyValueSpecification","valueRequired":true,"valueName":"search_term_string"}}],"inLanguage":"es"}]}},"_links":{"self":[{"href":"https:\/\/tikunsoluciones.com\/index.php?rest_route=\/wp\/v2\/pages\/40","targetHints":{"allow":["GET"]}}],"collection":[{"href":"https:\/\/tikunsoluciones.com\/index.php?rest_route=\/wp\/v2\/pages"}],"about":[{"href":"https:\/\/tikunsoluciones.com\/index.php?rest_route=\/wp\/v2\/types\/page"}],"author":[{"embeddable":true,"href":"https:\/\/tikunsoluciones.com\/index.php?rest_route=\/wp\/v2\/users\/1"}],"replies":[{"embeddable":true,"href":"https:\/\/tikunsoluciones.com\/index.php?rest_route=%2Fwp%2Fv2%2Fcomments&post=40"}],"version-history":[{"count":56,"href":"https:\/\/tikunsoluciones.com\/index.php?rest_route=\/wp\/v2\/pages\/40\/revisions"}],"predecessor-version":[{"id":193,"href":"https:\/\/tikunsoluciones.com\/index.php?rest_route=\/wp\/v2\/pages\/40\/revisions\/193"}],"wp:attachment":[{"href":"https:\/\/tikunsoluciones.com\/index.php?rest_route=%2Fwp%2Fv2%2Fmedia&parent=40"}],"curies":[{"name":"wp","href":"https:\/\/api.w.org\/{rel}","templated":true}]}}