{"id":167,"date":"2023-02-09T19:12:21","date_gmt":"2023-02-09T19:12:21","guid":{"rendered":"https:\/\/tikunsoluciones.com\/?page_id=167"},"modified":"2023-02-21T03:38:54","modified_gmt":"2023-02-21T03:38:54","slug":"facturacion","status":"publish","type":"page","link":"https:\/\/tikunsoluciones.com\/?page_id=167","title":{"rendered":"Facturaci\u00f3n"},"content":{"rendered":"<h2><strong>Facturaci\u00f3n electr\u00f3nica<\/strong><\/h2>\n<p style=\"text-align: left;\">Por favor ingrese cuidadosamente la informaci\u00f3n solicitada, ya que una vez emitida la factura no podr\u00e1 ser cancelada por errores de captura.<\/p>\n","protected":false},"excerpt":{"rendered":"<p>Facturaci\u00f3n electr\u00f3nica Por favor ingrese cuidadosamente la informaci\u00f3n solicitada, ya que una vez emitida la factura no podr\u00e1 ser cancelada por errores de captura.<\/p>\n","protected":false},"author":1,"featured_media":0,"parent":0,"menu_order":0,"comment_status":"closed","ping_status":"closed","template":"","meta":{"_monsterinsights_skip_tracking":false,"_monsterinsights_sitenote_active":false,"_monsterinsights_sitenote_note":"","_monsterinsights_sitenote_category":0,"footnotes":""},"class_list":["post-167","page","type-page","status-publish","hentry","post-wrapper","thrv_wrapper"],"yoast_head":"<!-- This site is optimized with the Yoast SEO plugin v25.0 - https:\/\/yoast.com\/wordpress\/plugins\/seo\/ -->\n<title>Facturaci\u00f3n - Tik\u00fan Soluciones<\/title>\n<meta name=\"robots\" content=\"index, follow, max-snippet:-1, max-image-preview:large, max-video-preview:-1\" \/>\n<link rel=\"canonical\" href=\"https:\/\/tikunsoluciones.com\/?page_id=167\" \/>\n<meta property=\"og:locale\" content=\"es_ES\" \/>\n<meta property=\"og:type\" content=\"article\" \/>\n<meta property=\"og:title\" content=\"Facturaci\u00f3n - Tik\u00fan Soluciones\" \/>\n<meta property=\"og:description\" content=\"Facturaci\u00f3n electr\u00f3nica Por favor ingrese cuidadosamente la informaci\u00f3n solicitada, ya que una vez emitida la factura no podr\u00e1 ser cancelada por errores de captura.\" \/>\n<meta property=\"og:url\" content=\"https:\/\/tikunsoluciones.com\/?page_id=167\" \/>\n<meta property=\"og:site_name\" content=\"Tik\u00fan Soluciones\" \/>\n<meta property=\"article:modified_time\" content=\"2023-02-21T03:38:54+00:00\" \/>\n<meta name=\"twitter:card\" content=\"summary_large_image\" \/>\n<script type=\"application\/ld+json\" class=\"yoast-schema-graph\">{\"@context\":\"https:\/\/schema.org\",\"@graph\":[{\"@type\":\"WebPage\",\"@id\":\"https:\/\/tikunsoluciones.com\/?page_id=167\",\"url\":\"https:\/\/tikunsoluciones.com\/?page_id=167\",\"name\":\"Facturaci\u00f3n - Tik\u00fan Soluciones\",\"isPartOf\":{\"@id\":\"https:\/\/tikunsoluciones.com\/#website\"},\"datePublished\":\"2023-02-09T19:12:21+00:00\",\"dateModified\":\"2023-02-21T03:38:54+00:00\",\"breadcrumb\":{\"@id\":\"https:\/\/tikunsoluciones.com\/?page_id=167#breadcrumb\"},\"inLanguage\":\"es\",\"potentialAction\":[{\"@type\":\"ReadAction\",\"target\":[\"https:\/\/tikunsoluciones.com\/?page_id=167\"]}]},{\"@type\":\"BreadcrumbList\",\"@id\":\"https:\/\/tikunsoluciones.com\/?page_id=167#breadcrumb\",\"itemListElement\":[{\"@type\":\"ListItem\",\"position\":1,\"name\":\"Portada\",\"item\":\"https:\/\/tikunsoluciones.com\/\"},{\"@type\":\"ListItem\",\"position\":2,\"name\":\"Facturaci\u00f3n\"}]},{\"@type\":\"WebSite\",\"@id\":\"https:\/\/tikunsoluciones.com\/#website\",\"url\":\"https:\/\/tikunsoluciones.com\/\",\"name\":\"Tik\u00fan Soluciones\",\"description\":\"Manejo de estacionamientos\",\"potentialAction\":[{\"@type\":\"SearchAction\",\"target\":{\"@type\":\"EntryPoint\",\"urlTemplate\":\"https:\/\/tikunsoluciones.com\/?s={search_term_string}\"},\"query-input\":{\"@type\":\"PropertyValueSpecification\",\"valueRequired\":true,\"valueName\":\"search_term_string\"}}],\"inLanguage\":\"es\"}]}<\/script>\n<!-- \/ Yoast SEO plugin. -->","yoast_head_json":{"title":"Facturaci\u00f3n - Tik\u00fan Soluciones","robots":{"index":"index","follow":"follow","max-snippet":"max-snippet:-1","max-image-preview":"max-image-preview:large","max-video-preview":"max-video-preview:-1"},"canonical":"https:\/\/tikunsoluciones.com\/?page_id=167","og_locale":"es_ES","og_type":"article","og_title":"Facturaci\u00f3n - Tik\u00fan Soluciones","og_description":"Facturaci\u00f3n electr\u00f3nica Por favor ingrese cuidadosamente la informaci\u00f3n solicitada, ya que una vez emitida la factura no podr\u00e1 ser cancelada por errores de captura.","og_url":"https:\/\/tikunsoluciones.com\/?page_id=167","og_site_name":"Tik\u00fan Soluciones","article_modified_time":"2023-02-21T03:38:54+00:00","twitter_card":"summary_large_image","schema":{"@context":"https:\/\/schema.org","@graph":[{"@type":"WebPage","@id":"https:\/\/tikunsoluciones.com\/?page_id=167","url":"https:\/\/tikunsoluciones.com\/?page_id=167","name":"Facturaci\u00f3n - Tik\u00fan Soluciones","isPartOf":{"@id":"https:\/\/tikunsoluciones.com\/#website"},"datePublished":"2023-02-09T19:12:21+00:00","dateModified":"2023-02-21T03:38:54+00:00","breadcrumb":{"@id":"https:\/\/tikunsoluciones.com\/?page_id=167#breadcrumb"},"inLanguage":"es","potentialAction":[{"@type":"ReadAction","target":["https:\/\/tikunsoluciones.com\/?page_id=167"]}]},{"@type":"BreadcrumbList","@id":"https:\/\/tikunsoluciones.com\/?page_id=167#breadcrumb","itemListElement":[{"@type":"ListItem","position":1,"name":"Portada","item":"https:\/\/tikunsoluciones.com\/"},{"@type":"ListItem","position":2,"name":"Facturaci\u00f3n"}]},{"@type":"WebSite","@id":"https:\/\/tikunsoluciones.com\/#website","url":"https:\/\/tikunsoluciones.com\/","name":"Tik\u00fan Soluciones","description":"Manejo de estacionamientos","potentialAction":[{"@type":"SearchAction","target":{"@type":"EntryPoint","urlTemplate":"https:\/\/tikunsoluciones.com\/?s={search_term_string}"},"query-input":{"@type":"PropertyValueSpecification","valueRequired":true,"valueName":"search_term_string"}}],"inLanguage":"es"}]}},"_links":{"self":[{"href":"https:\/\/tikunsoluciones.com\/index.php?rest_route=\/wp\/v2\/pages\/167","targetHints":{"allow":["GET"]}}],"collection":[{"href":"https:\/\/tikunsoluciones.com\/index.php?rest_route=\/wp\/v2\/pages"}],"about":[{"href":"https:\/\/tikunsoluciones.com\/index.php?rest_route=\/wp\/v2\/types\/page"}],"author":[{"embeddable":true,"href":"https:\/\/tikunsoluciones.com\/index.php?rest_route=\/wp\/v2\/users\/1"}],"replies":[{"embeddable":true,"href":"https:\/\/tikunsoluciones.com\/index.php?rest_route=%2Fwp%2Fv2%2Fcomments&post=167"}],"version-history":[{"count":8,"href":"https:\/\/tikunsoluciones.com\/index.php?rest_route=\/wp\/v2\/pages\/167\/revisions"}],"predecessor-version":[{"id":183,"href":"https:\/\/tikunsoluciones.com\/index.php?rest_route=\/wp\/v2\/pages\/167\/revisions\/183"}],"wp:attachment":[{"href":"https:\/\/tikunsoluciones.com\/index.php?rest_route=%2Fwp%2Fv2%2Fmedia&parent=167"}],"curies":[{"name":"wp","href":"https:\/\/api.w.org\/{rel}","templated":true}]}}